{"id":158,"date":"2020-04-14T10:43:04","date_gmt":"2020-04-14T08:43:04","guid":{"rendered":"https:\/\/www.sportseventour.at\/onlineshop\/?post_type=product&#038;p=158"},"modified":"2020-04-14T12:51:50","modified_gmt":"2020-04-14T10:51:50","slug":"ultimativer-partyspass","status":"publish","type":"product","link":"https:\/\/www.sportseventour.at\/onlineshop\/produkt\/ultimativer-partyspass\/","title":{"rendered":"Ultimativer Partyspa\u00df"},"content":{"rendered":"<p><strong>Ein Seifenblasen-Set speziell gestaffelt f\u00fcr Gro\u00df &amp; Klein.<\/strong><\/p>\n<p>F\u00fcr lange Party\u00b4s &amp; Veranstaltungen.<\/p>\n<p>Unter anderem mit unserem Seifenblasen-Himmel, ein Instrument zum Einschlie\u00dfen in eine Seifenblase und jede Menge Zauberseife zum Experimentieren und Spielen.<\/p>\n<p>Staunen und bunter Spa\u00df sind garantiert!<\/p>\n<p><strong>Lieferumfang:<\/strong><\/p>\n<p><strong>2 x 500ml Seifenblasen Konzentrat (f\u00fcr 11l Fertiglauge)<\/strong><br \/>\n<strong>2 Kinder Instrumente \u201eTRIANGEL\u201c ca.45cm<\/strong><br \/>\n<strong>1 Jug. Instrument \u201eBIG B\u201c ca.75cm<\/strong><br \/>\n<strong>1 Jug. Instrument \u201eGIRLANDE\u201c 6 Kammern ca.75cm<\/strong><\/p>\n","protected":false},"excerpt":{"rendered":"<p><strong>Ein Seifenblasen-Set speziell gestaffelt f\u00fcr Gro\u00df &amp; Klein.<\/strong><br \/>\n<strong>F\u00fcr lange Party\u00b4s &amp; Veranstaltungen.<br \/>\nZauberst\u00e4be gestaffelt f\u00fcr Kinder &amp; Erwachsene.<br \/>\nBunter Spa\u00df f\u00fcr Jung &amp; Alt.<\/strong><\/p>\n","protected":false},"featured_media":150,"comment_status":"open","ping_status":"closed","template":"","meta":[],"_links":{"self":[{"href":"https:\/\/www.sportseventour.at\/onlineshop\/wp-json\/wp\/v2\/product\/158"}],"collection":[{"href":"https:\/\/www.sportseventour.at\/onlineshop\/wp-json\/wp\/v2\/product"}],"about":[{"href":"https:\/\/www.sportseventour.at\/onlineshop\/wp-json\/wp\/v2\/types\/product"}],"replies":[{"embeddable":true,"href":"https:\/\/www.sportseventour.at\/onlineshop\/wp-json\/wp\/v2\/comments?post=158"}],"wp:featuredmedia":[{"embeddable":true,"href":"https:\/\/www.sportseventour.at\/onlineshop\/wp-json\/wp\/v2\/media\/150"}],"wp:attachment":[{"href":"https:\/\/www.sportseventour.at\/onlineshop\/wp-json\/wp\/v2\/media?parent=158"}],"curies":[{"name":"wp","href":"https:\/\/api.w.org\/{rel}","templated":true}]}}