{"id":156,"date":"2020-04-14T10:38:35","date_gmt":"2020-04-14T08:38:35","guid":{"rendered":"https:\/\/www.sportseventour.at\/onlineshop\/?post_type=product&#038;p=156"},"modified":"2026-03-19T05:01:24","modified_gmt":"2026-03-19T04:01:24","slug":"hochzeits-set-gross","status":"publish","type":"product","link":"https:\/\/www.sportseventour.at\/onlineshop\/produkt\/hochzeits-set-gross\/","title":{"rendered":"Hochzeits Set gro\u00df"},"content":{"rendered":"<p><strong>Bunte Freude &amp; romantische Momente f\u00fcr Ihre Hochzeitsfeierlichkeiten.<\/strong><\/p>\n<p>Die Seile der Zauberst\u00e4be sind in wei\u00df gehalten. Das Set ist geeignet f\u00fcr eventuelle Kinderbesch\u00e4ftigung bzw. das die Kleinen sich auch miteinbringen k\u00f6nnen!<\/p>\n<p>Zus\u00e4tzlich enth\u00e4lt das gro\u00dfe Set einen Zauberstab Girlande, die 100te Seifenblasen gleichzeitg erschafft, ganze Pl\u00e4tze bzw. Orte flutet und somit eine ganz besonders zauberhafte Athmosph\u00e4re schafft.<\/p>\n<p><strong>Lieferumfang:<\/strong><\/p>\n<p><strong>2x 500ml Seifenblasen Konzentrat (f\u00fcr 11l Fertiglauge)<\/strong><br \/>\n<strong>2 Kinder Instrumente \u201eTRIANGEL\u201c ca.45cm<\/strong><br \/>\n<strong>1 Jug. Instrument \u201eZWILLING\u201c ca.75cm<\/strong><br \/>\n<strong>1 Erw. Instrument \u201eDIAMANT\u201c ca.100cm<\/strong><br \/>\n<strong>1 Erw. Instrument \u201eGIRLANDE\u201c ca.100cm<\/strong><\/p>\n","protected":false},"excerpt":{"rendered":"<p><strong>F\u00fcr zauberhafte, bunte Momente auf Ihrer Trauung.<\/strong><\/p>\n<p><strong>Dieses Set ist speziell abgestimmt f\u00fcr Ihre Hochzeitsfeierlichkeiten.<\/strong><\/p>\n<p><strong>Die Seile der Zauberst\u00e4be sind in wei\u00df gehalten.<\/strong><\/p>\n<p><strong>Seifenlauge hinterl\u00e4\u00dft keine Flecken und R\u00e4nder auf dem Gewand!<\/strong><\/p>\n","protected":false},"featured_media":150,"comment_status":"open","ping_status":"closed","template":"","meta":[],"_links":{"self":[{"href":"https:\/\/www.sportseventour.at\/onlineshop\/wp-json\/wp\/v2\/product\/156"}],"collection":[{"href":"https:\/\/www.sportseventour.at\/onlineshop\/wp-json\/wp\/v2\/product"}],"about":[{"href":"https:\/\/www.sportseventour.at\/onlineshop\/wp-json\/wp\/v2\/types\/product"}],"replies":[{"embeddable":true,"href":"https:\/\/www.sportseventour.at\/onlineshop\/wp-json\/wp\/v2\/comments?post=156"}],"wp:featuredmedia":[{"embeddable":true,"href":"https:\/\/www.sportseventour.at\/onlineshop\/wp-json\/wp\/v2\/media\/150"}],"wp:attachment":[{"href":"https:\/\/www.sportseventour.at\/onlineshop\/wp-json\/wp\/v2\/media?parent=156"}],"curies":[{"name":"wp","href":"https:\/\/api.w.org\/{rel}","templated":true}]}}