{"id":142,"date":"2020-04-14T09:39:25","date_gmt":"2020-04-14T07:39:25","guid":{"rendered":"https:\/\/www.sportseventour.at\/onlineshop\/?post_type=product&#038;p=142"},"modified":"2020-04-14T13:08:03","modified_gmt":"2020-04-14T11:08:03","slug":"seifenblasen-himmel","status":"publish","type":"product","link":"https:\/\/www.sportseventour.at\/onlineshop\/produkt\/seifenblasen-himmel\/","title":{"rendered":"Seifenblasen Himmel"},"content":{"rendered":"<p><strong>INSTRUMENT ZUM EINSCHLIE\u00dfEN IN EINE SEIFENBLASE<\/strong><\/p>\n<p>Schon eimal in einer Seifenblasen gestanden??!!<\/p>\n<p>Der Seifenblasen Himmel ist ein besonderes Instrument zum Einschliessen in eine Seifenblase!<\/p>\n<p>Ein ganz besonderes sinnliches Erlebniss; bis zu 30 sek. nimmt man alles um sich herum in all den Farben wahr in denen Seifenblasen schillern!<br \/>\n2 Personen bedienen und halten die 4 miteinander verbundenen St\u00e4be um eine 3 Person vollst\u00e4ndig IN eine Seifenblase zu stellen.<br \/>\nEin ganz besonderer Party Spa\u00df!<\/p>\n<p><strong>F\u00fcr den Inndoorbereich gedacht, Outdoor nur m\u00f6glich bei v\u00f6lliger Windstille!<br \/>\n<\/strong><br \/>\nJedes Instrument wird in liebevoller Handarbeit hergestellt.<\/p>\n<p>Wir verwenden daf\u00fcr Bambus in starker Qualit\u00e4t und saugstarke dicke Baumwoll Kordel.<\/p>\n<p>Instrument nach Gebrauch immer gut auswaschen!<\/p>\n<p><strong>Lieferumfang pro Instrument:<\/strong><\/p>\n<p><strong>4x ca. 1cm dicke Bambusst\u00e4be<br \/>\n5mm Baumwollschnur<\/strong><\/p>\n<p><strong>H\u00f6he:<br \/>\n<\/strong><\/p>\n<p><strong>Jugendlich ca.75cm<br \/>\nErwachsen ca. 100cm<br \/>\n<\/strong><\/p>\n<p><strong>Gr\u00f6\u00dfe der Kammer:<\/strong><\/p>\n<p><strong>Jugendlich ca.100cm<br \/>\nErwachsen ca. 150cm<\/strong><\/p>\n","protected":false},"excerpt":{"rendered":"<p><strong>Instrument zum Einschlie\u00dfen IN eine Seifenblase<\/strong><\/p>\n<p><strong>Der Seifenblasen Himmel ist ein besonderes Instrument zum Einschliessen IN eine Seifenblase!<\/strong><\/p>\n<p><strong>Der Seifenblasen Stab ist in 2 Gr\u00f6\u00dfen erh\u00e4ltlich:<\/strong><\/p>\n<p><strong>Jugendlich (ca.75cm)<\/strong><br \/>\n<strong>Erwachsen (ca. 100cm)<\/strong><\/p>\n","protected":false},"featured_media":120,"comment_status":"open","ping_status":"closed","template":"","meta":[],"_links":{"self":[{"href":"https:\/\/www.sportseventour.at\/onlineshop\/wp-json\/wp\/v2\/product\/142"}],"collection":[{"href":"https:\/\/www.sportseventour.at\/onlineshop\/wp-json\/wp\/v2\/product"}],"about":[{"href":"https:\/\/www.sportseventour.at\/onlineshop\/wp-json\/wp\/v2\/types\/product"}],"replies":[{"embeddable":true,"href":"https:\/\/www.sportseventour.at\/onlineshop\/wp-json\/wp\/v2\/comments?post=142"}],"wp:featuredmedia":[{"embeddable":true,"href":"https:\/\/www.sportseventour.at\/onlineshop\/wp-json\/wp\/v2\/media\/120"}],"wp:attachment":[{"href":"https:\/\/www.sportseventour.at\/onlineshop\/wp-json\/wp\/v2\/media?parent=142"}],"curies":[{"name":"wp","href":"https:\/\/api.w.org\/{rel}","templated":true}]}}