{"id":127,"date":"2020-04-14T09:20:24","date_gmt":"2020-04-14T07:20:24","guid":{"rendered":"https:\/\/www.sportseventour.at\/onlineshop\/?post_type=product&#038;p=127"},"modified":"2020-04-14T13:21:15","modified_gmt":"2020-04-14T11:21:15","slug":"zwilling-zauberstab","status":"publish","type":"product","link":"https:\/\/www.sportseventour.at\/onlineshop\/produkt\/zwilling-zauberstab\/","title":{"rendered":"Zwilling Zauberstab"},"content":{"rendered":"<p><strong>Dreieck 2 Kammern<\/strong><\/p>\n<p>Gut bei schwachem oder m\u00e4\u00dfigem Wind.<\/p>\n<p>Jedes Instrument wird in liebevoller Handarbeit hergestellt.<\/p>\n<p>Wir verwenden daf\u00fcr Bambus in starker Qualit\u00e4t und saugstarke dicke Baumwoll Kordel.<\/p>\n<p>Instrument nach Gebrauch immer gut auswaschen!<\/p>\n<p><strong>Lieferumfang:<br \/>\nca. 1cm dicke Bambusst\u00e4be<br \/>\nca. 5mm Baumwollschnur<br \/>\nL\u00e4nge der St\u00e4be &amp; Schnur varrieren je nach bestellter Gr\u00f6\u00dfeneinheit<br \/>\nJugendlich (ca.75cm)<br \/>\nErwachsen (ca. 100cm)<\/strong><\/p>\n","protected":false},"excerpt":{"rendered":"<p><strong>Dreieck 2 Kammern<\/strong><\/p>\n<p><strong>Der Seifenblasen Stab ist in 2 Gr\u00f6\u00dfen erh\u00e4ltlich:<\/strong><\/p>\n<p><strong>Jugendlich (ca.75cm)<br \/>\nErwachsen (ca. 100cm)<\/strong><\/p>\n<p><strong>Es bilden sich 2 lange Seifenblasenschl\u00e4uche die aneinander h\u00e4ngen.<\/strong><\/p>\n","protected":false},"featured_media":121,"comment_status":"open","ping_status":"closed","template":"","meta":[],"_links":{"self":[{"href":"https:\/\/www.sportseventour.at\/onlineshop\/wp-json\/wp\/v2\/product\/127"}],"collection":[{"href":"https:\/\/www.sportseventour.at\/onlineshop\/wp-json\/wp\/v2\/product"}],"about":[{"href":"https:\/\/www.sportseventour.at\/onlineshop\/wp-json\/wp\/v2\/types\/product"}],"replies":[{"embeddable":true,"href":"https:\/\/www.sportseventour.at\/onlineshop\/wp-json\/wp\/v2\/comments?post=127"}],"wp:featuredmedia":[{"embeddable":true,"href":"https:\/\/www.sportseventour.at\/onlineshop\/wp-json\/wp\/v2\/media\/121"}],"wp:attachment":[{"href":"https:\/\/www.sportseventour.at\/onlineshop\/wp-json\/wp\/v2\/media?parent=127"}],"curies":[{"name":"wp","href":"https:\/\/api.w.org\/{rel}","templated":true}]}}