{"id":64,"date":"2020-04-13T17:23:27","date_gmt":"2020-04-13T15:23:27","guid":{"rendered":""},"modified":"2020-04-21T17:34:31","modified_gmt":"2020-04-21T15:34:31","slug":"agb","status":"publish","type":"page","link":"https:\/\/www.sportseventour.at\/onlineshop\/agb\/","title":{"rendered":"AGB"},"content":{"rendered":"<h1 id=\"conditionsHeading\">Allgemeine Gesch\u00e4ftsbedingungen<\/h1>\n<div id=\"conditionsMainContent\" class=\"content\">\n<p><strong>Allgemeine Gesch\u00e4ftsbedingungen (AGB)<\/strong><\/p>\n<p><strong>\u00a7 1<\/strong><\/p>\n<p><strong>Geltungsbereich &amp; Abwehrklausel<\/strong><\/p>\n<p>F\u00fcr die \u00fcber diesen Internet-Shop begr\u00fcndeten Rechtsbeziehungen zwischen Betreiber des Shops (nachfolgend Anbieter) und seinen Kunden gelten ausschlie\u00dflich die folgenden Allgemeinen Gesch\u00e4ftsbedingungen in der jeweiligen Fassung zum Zeitpunkt der Bestellung.<\/p>\n<p>Abweichende Allgemeine Gesch\u00e4ftsbedingungen des Kunden werden zur\u00fcckgewiesen.<\/p>\n<p><strong>\u00a7 2<\/strong><\/p>\n<p><strong>Zustandekommen des Vertrags<\/strong><\/p>\n<p>Ein Vertrag f\u00fcr den Kauf eines unserer Angebote kommt dann zustande, wenn ein Kunde den Button \u201ejetzt kostenpflichtig kaufen\u201c best\u00e4tigt.<\/p>\n<p>Somit ist eine Bestellung get\u00e4tigt und der Kaufvertrag vom Kunden akzeptiert.<\/p>\n<p><strong>\u00a7 3<\/strong><\/p>\n<p><strong>Eigentumsvorbehalt<\/strong><\/p>\n<p>Die gelieferte Ware verbleibt bis zur vollst\u00e4ndigen Bezahlung im Eigentum des Anbieters.<\/p>\n<p><strong>\u00a7 4<\/strong><\/p>\n<p><strong>F\u00e4lligkeit<\/strong><\/p>\n<p>Die Zahlung des Kaufpreises ist mit Vertragsabschluss f\u00e4llig. Wir liefern ausschlie\u00dflich gegen Vorkasse. Eine M\u00f6glichkeit des Skontoabzuges besteht nicht.<\/p>\n<p><strong>\u00a7 5<\/strong><\/p>\n<p><strong>Gew\u00e4hrleistung<\/strong><\/p>\n<p>(1)Die Gew\u00e4hrleistungsrechte des Kundens richten sich nach den allgemeinen gesetzlichen Vorschriften, soweit nachfolgend nichts anderes bestimmt ist. F\u00fcr Schadenersatzanspr\u00fcche des Kunden gegen\u00fcber dem Anbieter gilt die Regelung in \u00a7 6 dieser AGB.<\/p>\n<p>(2) Die Verj\u00e4hrungsfrist f\u00fcr Gew\u00e4hrleistungsanspr\u00fcche des Kunden betr\u00e4gt 1 Jahr.<\/p>\n<p>(3) Eine Garantie wird vom Anbieter nicht erkl\u00e4rt.<\/p>\n<p><strong>\u00a7 6<\/strong><\/p>\n<p><strong>Haftungsausschluss<\/strong><\/p>\n<p>(1) Schadenersatzanspr\u00fcche des Kunden sind ausgeschlossen, soweit nachfolgend nichts anderes bestimmt ist. Der Haftungsausschluss gilt auch zugunsten der gesetzlichen Vertreter und Erf\u00fcllungsgehilfen des Anbieters, sofern der Kunde Anspr\u00fcche gegen diese geltend macht.<\/p>\n<p>(2) Von dem unter Ziffer 1 bestimmten Haftungsausschluss ausgenommen sind Schadennersatzanspr\u00fcche aufgrund einer Verletzung des Lebens, des K\u00f6rpers, der Gesundheit und Schadenersatzanspr\u00fcche aufgrund einer Verletzung wesetlicher Vertragspflichten. Wesentliche Vertragspflichten sind sollche, deren Erf\u00fcllung zur Erreichung des Ziels des Vertrags notwendig ist, z.B. hat der Anbieter dem Kunden die Sache frei von Sach- und Rechtsm\u00e4ngel zu \u00fcbergeben und das Eigentum an ihr zu verschaffen.Von den Haftungsauschuss ebenfalls ausgenommen ist die Haftung f\u00fcr Sch\u00e4den, die auf einer vors\u00e4tzlichen oder grob fahrl\u00e4ssigen Pflichtverletzung des Anbieters, seiner gesetzlichen Vetreter oder Erf\u00fcllungsgehilfen beruhen.<\/p>\n<p>(3) Vorschriften des Produkthaftungsgesetzes (ProdHaftG) bleiben unber\u00fchrt.<\/p>\n<p><strong>\u00a7 7<\/strong><\/p>\n<p><strong>Abtretungs- und Pf\u00e4ndungsverbot<\/strong><\/p>\n<p>Die Abtretung oder Verpf\u00e4ndung von dem Kunden gegen\u00fcber dem Anbieter zustehenden Anspr\u00fcchen oder Rechten ist ohne Zustimmung des Anbieters ausgeschlossen, sofern der Kunde nicht ein berechtigtes Interesse an der Abtretung oder Pf\u00e4ndung nachweist.<\/p>\n<p><strong>\u00a7 8<\/strong><\/p>\n<p><strong>Aufrechnung<\/strong><\/p>\n<p>Ein Aufrechnungsrecht des Kunden besteht nur, wenn seine zur Aufrechnung gestellte Forderung rechtskr\u00e4ftig festgestellt wurde.<\/p>\n<p><strong>\u00a7 9<\/strong><\/p>\n<p><strong>Rechtswahl und Gerichtsstand<\/strong><\/p>\n<p>(1) Auf die vertragliche Beziehungen zwischen Anbieter und dem Kunden findet das Recht des Staats \u00d6sterreich Anwendung.<\/p>\n<p>(2) Gerichtsstand f\u00fcr alle Streitigkeiten aus dem Vertragsverh\u00e4ltnis zwischem dem Kunden und dem Anbieter ist der Sitz des Anbieters, sofern es sich bei dem Kunden um einen Kaufmann, eine juristische Person des \u00f6ffentlichen Rechts oder ein \u00f6ffentlich-rechtliches Sonderverm\u00f6gen handelt.<\/p>\n<p><strong>\u00a7 10<\/strong><\/p>\n<p><strong>Kleinstunternehmerregelung<\/strong><\/p>\n<p>Aufgrund der Inanspruchnahme der Kleinunternehmerbefreiung gem\u00e4\u00df \u00a7 6 Abs.1 Ziff. 27 UStG 1994 ist im Rechnungsbetrag keine Umsatzsteuer enthalten.<\/p>\n<p><strong>\u00a7 11<\/strong><\/p>\n<p><strong>SEPA \u2013 Geb\u00fchren im Nicht EU-Raum<\/strong><\/p>\n<p>Der Auftraggeber, Zahlungsabsender verplichtet sich alle anfallenden Geb\u00fchren, seines eigenen Bankinstituts und die der Empf\u00e4nger Bank zu \u00fcbernehmen!<\/p>\n<p>Dies ist direkt bei der Einzahlung durch den Zahlungsabsender anzugeben. Sollten der Seifenblasenwerkstatt diese Geb\u00fchren verrechnet werden sind wir nicht verpflichtet die Ware zu versenden. Siehe\u00a0<strong>\u00a7 3 Eigentumsvorbehalt<\/strong><\/p>\n<p><strong>\u00a7 12<\/strong><\/p>\n<p><strong>Salvatorische Klausel<\/strong><\/p>\n<p>Sollte eine Bestimmung dieser AGB unwirksam sein, wird davon die Wirksamkeit der \u00fcbrigen Bestimmungen nicht ber\u00fchrt.<\/p>\n<\/div>\n","protected":false},"excerpt":{"rendered":"<p>Allgemeine Gesch\u00e4ftsbedingungen Allgemeine Gesch\u00e4ftsbedingungen (AGB) \u00a7 1 Geltungsbereich &amp; Abwehrklausel F\u00fcr die \u00fcber diesen Internet-Shop begr\u00fcndeten Rechtsbeziehungen zwischen Betreiber des Shops (nachfolgend Anbieter) und seinen Kunden gelten ausschlie\u00dflich die folgenden Allgemeinen Gesch\u00e4ftsbedingungen in der jeweiligen Fassung zum Zeitpunkt der Bestellung. Abweichende Allgemeine Gesch\u00e4ftsbedingungen des Kunden werden zur\u00fcckgewiesen. \u00a7 2 Zustandekommen des Vertrags Ein Vertrag f\u00fcr [&hellip;]<\/p>\n","protected":false},"author":1,"featured_media":0,"parent":0,"menu_order":0,"comment_status":"closed","ping_status":"closed","template":"","meta":[],"_links":{"self":[{"href":"https:\/\/www.sportseventour.at\/onlineshop\/wp-json\/wp\/v2\/pages\/64"}],"collection":[{"href":"https:\/\/www.sportseventour.at\/onlineshop\/wp-json\/wp\/v2\/pages"}],"about":[{"href":"https:\/\/www.sportseventour.at\/onlineshop\/wp-json\/wp\/v2\/types\/page"}],"author":[{"embeddable":true,"href":"https:\/\/www.sportseventour.at\/onlineshop\/wp-json\/wp\/v2\/users\/1"}],"replies":[{"embeddable":true,"href":"https:\/\/www.sportseventour.at\/onlineshop\/wp-json\/wp\/v2\/comments?post=64"}],"version-history":[{"count":1,"href":"https:\/\/www.sportseventour.at\/onlineshop\/wp-json\/wp\/v2\/pages\/64\/revisions"}],"predecessor-version":[{"id":305,"href":"https:\/\/www.sportseventour.at\/onlineshop\/wp-json\/wp\/v2\/pages\/64\/revisions\/305"}],"wp:attachment":[{"href":"https:\/\/www.sportseventour.at\/onlineshop\/wp-json\/wp\/v2\/media?parent=64"}],"curies":[{"name":"wp","href":"https:\/\/api.w.org\/{rel}","templated":true}]}}